{"id":6,"date":"2019-03-04T14:21:05","date_gmt":"2019-03-04T13:21:05","guid":{"rendered":"https:\/\/go34.fr\/?page_id=6"},"modified":"2026-02-26T05:41:46","modified_gmt":"2026-02-26T04:41:46","slug":"legal-notices","status":"publish","type":"page","link":"https:\/\/go34.fr\/en\/mentions-legales\/","title":{"rendered":"Legal Notices"},"content":{"rendered":"<div data-elementor-type=\"wp-post\" data-elementor-id=\"6\" class=\"elementor elementor-6\" data-elementor-post-type=\"page\">\n\t\t\t\t\t\t<section class=\"elementor-section elementor-top-section elementor-element elementor-element-39a03aa elementor-section-boxed elementor-section-height-default elementor-section-height-default\" data-id=\"39a03aa\" data-element_type=\"section\" data-e-type=\"section\">\n\t\t\t\t\t\t<div class=\"elementor-container elementor-column-gap-default\">\n\t\t\t\t\t<div class=\"elementor-column elementor-col-100 elementor-top-column elementor-element elementor-element-6f9a74db\" data-id=\"6f9a74db\" data-element_type=\"column\" data-e-type=\"column\">\n\t\t\t<div class=\"elementor-widget-wrap elementor-element-populated\">\n\t\t\t\t\t\t<div class=\"elementor-element elementor-element-7c12272 elementor-widget elementor-widget-text-editor\" data-id=\"7c12272\" data-element_type=\"widget\" data-e-type=\"widget\" data-widget_type=\"text-editor.default\">\n\t\t\t\t<div class=\"elementor-widget-container\">\n\t\t\t\t\t\t\t\t\t<p><strong>The website go34.fr is published by:<\/strong><\/p><p>WebAudit France<br \/>245 rue du marais, 73190 Challes-les-Eaux<br \/>Limited liability company with a capital of \u20ac600<br \/>RCS Chamb\u00e9ry 823 628 698<br \/>contact(@)webaudit.fr<\/p><p><strong>The website go34.fr is published for:<\/strong><\/p><p>Company name: GO 34<br \/>Address: 28 Cours Gambetta, 34000 Montpellier, France<br \/>Telephone: 06 23 26 26 26<br \/>Email: go34(@)live.fr<br \/>Publishing Director: Hichem BRIZINI<br \/>SIRET: 53399281400038<br \/>VAT number: FR77533992814<\/p><p>Your private hire car service website in Montpellier, H\u00e9rault, was created by the team of <a href=\"https:\/\/webaudit.fr\/vtc\/\">Webaudit France, specialist in website creation for private hire drivers <\/a>with natural referencing.<\/p><p>Find out more on\u00a0<a href=\"https:\/\/annuaire-vtc-france.fr\/\">annuaire-vtc-france.fr<\/a>\u00a0all of\u00a0<a href=\"https:\/\/annuaire-vtc-france.fr\/vtc-34-herault\/\">Private hire drivers in Montpellier and the H\u00e9rault region<\/a><\/p><p><b>Hosting provider:<\/b><\/p><p>Infomaniak Network SA<br \/>25 Rue Eug\u00e8ne Marziano<br \/>1227 Les Acacias (GE)<br \/>Geneva Canton Commercial Register: CH-660.0.059.996-1<br \/>IDE number: CHE-103.167.648<br \/>VAT number: CHE-103.167.648<\/p><p><b>GDPR Regulations, Data Protection and Use of Cookies:<\/b><\/p><p>In accordance with the requirements of the General Data Protection Regulation (GDPR), we are committed to transparency and the protection of your personal data. For a clear understanding of how we collect, use, and protect your data, as well as our use of cookies to improve your experience on our website, please consult our <a href=\"#gdpr_cookie_modal\"><u>GDPR and Cookies Information Center<\/u><\/a>.<\/p><p>By clicking on this link, you will have access to our Privacy Statement and our Cookie Policy detailing our data protection and cookie usage practices, as well as your rights and choices regarding this information.<\/p><p><strong>Intellectual property<\/strong><\/p><p>All content on this site including, but not limited to, graphics, images, texts, videos, animations, sounds, logos, gifs and icons as well as their formatting are the exclusive property of WEBAUDIT FRANCE SARL with the exception of trademarks, logos or content belonging to other partner companies or authors.<br \/>Any reproduction, distribution, modification, adaptation, retransmission, or publication, even partial, of these elements is strictly prohibited without the express written consent of WEBAUDIT FRANCE SARL. Such representation or reproduction, by any means whatsoever, constitutes copyright infringement punishable under Articles L.335-2 et seq. of the French Intellectual Property Code. Failure to comply with this prohibition constitutes copyright infringement and may result in civil and criminal penalties. Furthermore, the owners of the copied content may take legal action against them.<\/p>\t\t\t\t\t\t\t\t<\/div>\n\t\t\t\t<\/div>\n\t\t\t\t\t<\/div>\n\t\t<\/div>\n\t\t\t\t\t<\/div>\n\t\t<\/section>\n\t\t\t\t<\/div>","protected":false},"excerpt":{"rendered":"<p>Le site go34.fr\u00a0est \u00e9dit\u00e9 par : WebAudit France245 rue du marais, 73190 Challes-les-EauxSARL au capital de 600\u20acRCS Chamb\u00e9ry 823 628 698contact(@)webaudit.fr Le site go34.fr est \u00e9dit\u00e9 pour : Raison sociale : GO 34Adresse : 28 Cours Gambetta, 34000 Montpellier, FranceT\u00e9l\u00e9phone : 06 23 26 26 26E-mail : go34(@)live.frDirecteur de publication : Hichem BRIZINISIRET : 53399281400038Num\u00e9ro [&hellip;]<\/p>\n","protected":false},"author":2,"featured_media":0,"parent":0,"menu_order":0,"comment_status":"closed","ping_status":"closed","template":"","meta":{"footnotes":""},"class_list":["post-6","page","type-page","status-publish","hentry"],"yoast_head":"<!-- This site is optimized with the Yoast SEO plugin v27.2 - https:\/\/yoast.com\/product\/yoast-seo-wordpress\/ -->\n<title>Mentions L\u00e9gales - VTC Montpellier - Go 34<\/title>\n<meta name=\"robots\" content=\"index, follow, max-snippet:-1, max-image-preview:large, max-video-preview:-1\" \/>\n<link rel=\"canonical\" href=\"https:\/\/go34.fr\/en\/legal-notices\/\" \/>\n<meta property=\"og:locale\" content=\"en_US\" \/>\n<meta property=\"og:type\" content=\"article\" \/>\n<meta property=\"og:title\" content=\"Mentions L\u00e9gales - VTC Montpellier - Go 34\" \/>\n<meta property=\"og:description\" content=\"Le site go34.fr\u00a0est \u00e9dit\u00e9 par : WebAudit France245 rue du marais, 73190 Challes-les-EauxSARL au capital de 600\u20acRCS Chamb\u00e9ry 823 628 698contact(@)webaudit.fr Le site go34.fr est \u00e9dit\u00e9 pour : Raison sociale : GO 34Adresse : 28 Cours Gambetta, 34000 Montpellier, FranceT\u00e9l\u00e9phone : 06 23 26 26 26E-mail : go34(@)live.frDirecteur de publication : Hichem BRIZINISIRET : 53399281400038Num\u00e9ro [&hellip;]\" \/>\n<meta property=\"og:url\" content=\"https:\/\/go34.fr\/en\/legal-notices\/\" \/>\n<meta property=\"og:site_name\" content=\"VTC Montpellier - Go 34\" \/>\n<meta property=\"article:modified_time\" content=\"2026-02-26T04:41:46+00:00\" \/>\n<meta name=\"twitter:card\" content=\"summary_large_image\" \/>\n<meta name=\"twitter:label1\" content=\"Est. reading time\" \/>\n\t<meta name=\"twitter:data1\" content=\"2 minutes\" \/>\n<script type=\"application\/ld+json\" class=\"yoast-schema-graph\">{\"@context\":\"https:\/\/schema.org\",\"@graph\":[{\"@type\":\"WebPage\",\"@id\":\"https:\/\/go34.fr\/mentions-legales\/\",\"url\":\"https:\/\/go34.fr\/mentions-legales\/\",\"name\":\"Mentions L\u00e9gales - VTC Montpellier - Go 34\",\"isPartOf\":{\"@id\":\"https:\/\/go34.fr\/#website\"},\"datePublished\":\"2019-03-04T13:21:05+00:00\",\"dateModified\":\"2026-02-26T04:41:46+00:00\",\"breadcrumb\":{\"@id\":\"https:\/\/go34.fr\/mentions-legales\/#breadcrumb\"},\"inLanguage\":\"en-US\",\"potentialAction\":[{\"@type\":\"ReadAction\",\"target\":[\"https:\/\/go34.fr\/mentions-legales\/\"]}]},{\"@type\":\"BreadcrumbList\",\"@id\":\"https:\/\/go34.fr\/mentions-legales\/#breadcrumb\",\"itemListElement\":[{\"@type\":\"ListItem\",\"position\":1,\"name\":\"Accueil\",\"item\":\"https:\/\/go34.fr\/\"},{\"@type\":\"ListItem\",\"position\":2,\"name\":\"Mentions L\u00e9gales\"}]},{\"@type\":\"WebSite\",\"@id\":\"https:\/\/go34.fr\/#website\",\"url\":\"https:\/\/go34.fr\/\",\"name\":\"VTC Montpellier Go 34\",\"description\":\"Chauffeur VTC \u00e0 Montpellier dans l&#039;H\u00e9rault\",\"publisher\":{\"@id\":\"https:\/\/go34.fr\/#organization\"},\"potentialAction\":[{\"@type\":\"SearchAction\",\"target\":{\"@type\":\"EntryPoint\",\"urlTemplate\":\"https:\/\/go34.fr\/?s={search_term_string}\"},\"query-input\":{\"@type\":\"PropertyValueSpecification\",\"valueRequired\":true,\"valueName\":\"search_term_string\"}}],\"inLanguage\":\"en-US\"},{\"@type\":\"Organization\",\"@id\":\"https:\/\/go34.fr\/#organization\",\"name\":\"VTC Montpellier Go 34\",\"url\":\"https:\/\/go34.fr\/\",\"logo\":{\"@type\":\"ImageObject\",\"inLanguage\":\"en-US\",\"@id\":\"https:\/\/go34.fr\/#\/schema\/logo\/image\/\",\"url\":\"https:\/\/go34.fr\/wp-content\/uploads\/2019\/04\/Logo-GO-34-Chauffeur-Prive-VTC-Montpellier.jpg\",\"contentUrl\":\"https:\/\/go34.fr\/wp-content\/uploads\/2019\/04\/Logo-GO-34-Chauffeur-Prive-VTC-Montpellier.jpg\",\"width\":200,\"height\":139,\"caption\":\"VTC Montpellier Go 34\"},\"image\":{\"@id\":\"https:\/\/go34.fr\/#\/schema\/logo\/image\/\"}}]}<\/script>\n<!-- \/ Yoast SEO plugin. -->","yoast_head_json":{"title":"Legal Notice - Montpellier Private Hire Vehicle - Go 34","robots":{"index":"index","follow":"follow","max-snippet":"max-snippet:-1","max-image-preview":"max-image-preview:large","max-video-preview":"max-video-preview:-1"},"canonical":"https:\/\/go34.fr\/en\/legal-notices\/","og_locale":"en_US","og_type":"article","og_title":"Mentions L\u00e9gales - VTC Montpellier - Go 34","og_description":"Le site go34.fr\u00a0est \u00e9dit\u00e9 par : WebAudit France245 rue du marais, 73190 Challes-les-EauxSARL au capital de 600\u20acRCS Chamb\u00e9ry 823 628 698contact(@)webaudit.fr Le site go34.fr est \u00e9dit\u00e9 pour : Raison sociale : GO 34Adresse : 28 Cours Gambetta, 34000 Montpellier, FranceT\u00e9l\u00e9phone : 06 23 26 26 26E-mail : go34(@)live.frDirecteur de publication : Hichem BRIZINISIRET : 53399281400038Num\u00e9ro [&hellip;]","og_url":"https:\/\/go34.fr\/en\/legal-notices\/","og_site_name":"VTC Montpellier - Go 34","article_modified_time":"2026-02-26T04:41:46+00:00","twitter_card":"summary_large_image","twitter_misc":{"Est. reading time":"2 minutes"},"schema":{"@context":"https:\/\/schema.org","@graph":[{"@type":"WebPage","@id":"https:\/\/go34.fr\/mentions-legales\/","url":"https:\/\/go34.fr\/mentions-legales\/","name":"Legal Notice - Montpellier Private Hire Vehicle - Go 34","isPartOf":{"@id":"https:\/\/go34.fr\/#website"},"datePublished":"2019-03-04T13:21:05+00:00","dateModified":"2026-02-26T04:41:46+00:00","breadcrumb":{"@id":"https:\/\/go34.fr\/mentions-legales\/#breadcrumb"},"inLanguage":"en-US","potentialAction":[{"@type":"ReadAction","target":["https:\/\/go34.fr\/mentions-legales\/"]}]},{"@type":"BreadcrumbList","@id":"https:\/\/go34.fr\/mentions-legales\/#breadcrumb","itemListElement":[{"@type":"ListItem","position":1,"name":"Accueil","item":"https:\/\/go34.fr\/"},{"@type":"ListItem","position":2,"name":"Mentions L\u00e9gales"}]},{"@type":"WebSite","@id":"https:\/\/go34.fr\/#website","url":"https:\/\/go34.fr\/","name":"VTC Montpellier Go 34","description":"Private hire driver in Montpellier, H\u00e9rault","publisher":{"@id":"https:\/\/go34.fr\/#organization"},"potentialAction":[{"@type":"SearchAction","target":{"@type":"EntryPoint","urlTemplate":"https:\/\/go34.fr\/?s={search_term_string}"},"query-input":{"@type":"PropertyValueSpecification","valueRequired":true,"valueName":"search_term_string"}}],"inLanguage":"en-US"},{"@type":"Organization","@id":"https:\/\/go34.fr\/#organization","name":"VTC Montpellier Go 34","url":"https:\/\/go34.fr\/","logo":{"@type":"ImageObject","inLanguage":"en-US","@id":"https:\/\/go34.fr\/#\/schema\/logo\/image\/","url":"https:\/\/go34.fr\/wp-content\/uploads\/2019\/04\/Logo-GO-34-Chauffeur-Prive-VTC-Montpellier.jpg","contentUrl":"https:\/\/go34.fr\/wp-content\/uploads\/2019\/04\/Logo-GO-34-Chauffeur-Prive-VTC-Montpellier.jpg","width":200,"height":139,"caption":"VTC Montpellier Go 34"},"image":{"@id":"https:\/\/go34.fr\/#\/schema\/logo\/image\/"}}]}},"_links":{"self":[{"href":"https:\/\/go34.fr\/en\/wp-json\/wp\/v2\/pages\/6","targetHints":{"allow":["GET"]}}],"collection":[{"href":"https:\/\/go34.fr\/en\/wp-json\/wp\/v2\/pages"}],"about":[{"href":"https:\/\/go34.fr\/en\/wp-json\/wp\/v2\/types\/page"}],"author":[{"embeddable":true,"href":"https:\/\/go34.fr\/en\/wp-json\/wp\/v2\/users\/2"}],"replies":[{"embeddable":true,"href":"https:\/\/go34.fr\/en\/wp-json\/wp\/v2\/comments?post=6"}],"version-history":[{"count":3,"href":"https:\/\/go34.fr\/en\/wp-json\/wp\/v2\/pages\/6\/revisions"}],"predecessor-version":[{"id":1299,"href":"https:\/\/go34.fr\/en\/wp-json\/wp\/v2\/pages\/6\/revisions\/1299"}],"wp:attachment":[{"href":"https:\/\/go34.fr\/en\/wp-json\/wp\/v2\/media?parent=6"}],"curies":[{"name":"wp","href":"https:\/\/api.w.org\/{rel}","templated":true}]}}